{"id":6966,"date":"2023-06-28T10:03:14","date_gmt":"2023-06-28T16:03:14","guid":{"rendered":"https:\/\/perfectflaw.us\/?page_id=6966"},"modified":"2025-02-05T17:03:24","modified_gmt":"2025-02-05T23:03:24","slug":"inicio","status":"publish","type":"page","link":"https:\/\/perfectflaw.us\/es\/","title":{"rendered":"Inicio"},"content":{"rendered":"<div id=\"cs-content\" class=\"cs-content\"><\/div>\n","protected":false},"excerpt":{"rendered":"<p>Reliquias 5 de febrero de 2025Paso varias horas sentado solo en el caf\u00e9, sumido en mis pensamientos. El objeto en mis manos no es m\u00e1s que una larga y delgada tira de papel cuadriculado con una fina l\u00ednea ondulada que describe picos y valles a intervalos regulares.Sigue leyendo\u2026 Otros Cuentos &rarr; \u2022 \u2022 \u2022 Interludio 12 de noviembre de 2024\u00bfQu\u00e9 &#8230;<\/p>\n","protected":false},"author":1,"featured_media":0,"parent":0,"menu_order":0,"comment_status":"closed","ping_status":"closed","template":"template-blank-4.php","meta":{"_acf_changed":false,"footnotes":""},"class_list":["post-6966","page","type-page","status-publish","hentry","no-post-thumbnail"],"acf":[],"jetpack_sharing_enabled":true,"jetpack_shortlink":"https:\/\/wp.me\/PxbeV-1Om","_links":{"self":[{"href":"https:\/\/perfectflaw.us\/es\/wp-json\/wp\/v2\/pages\/6966","targetHints":{"allow":["GET"]}}],"collection":[{"href":"https:\/\/perfectflaw.us\/es\/wp-json\/wp\/v2\/pages"}],"about":[{"href":"https:\/\/perfectflaw.us\/es\/wp-json\/wp\/v2\/types\/page"}],"author":[{"embeddable":true,"href":"https:\/\/perfectflaw.us\/es\/wp-json\/wp\/v2\/users\/1"}],"replies":[{"embeddable":true,"href":"https:\/\/perfectflaw.us\/es\/wp-json\/wp\/v2\/comments?post=6966"}],"version-history":[{"count":19,"href":"https:\/\/perfectflaw.us\/es\/wp-json\/wp\/v2\/pages\/6966\/revisions"}],"predecessor-version":[{"id":8124,"href":"https:\/\/perfectflaw.us\/es\/wp-json\/wp\/v2\/pages\/6966\/revisions\/8124"}],"wp:attachment":[{"href":"https:\/\/perfectflaw.us\/es\/wp-json\/wp\/v2\/media?parent=6966"}],"curies":[{"name":"wp","href":"https:\/\/api.w.org\/{rel}","templated":true}]}}