{"id":6906,"date":"2016-10-04T18:52:57","date_gmt":"2016-10-05T01:52:57","guid":{"rendered":"https:\/\/perfectflaw.us\/y-bien-de-que-se-trata-esto\/"},"modified":"2023-06-28T11:31:00","modified_gmt":"2023-06-28T18:31:00","slug":"acerca-de","status":"publish","type":"page","link":"https:\/\/perfectflaw.us\/es\/acerca-de\/","title":{"rendered":"Y bien, \u00bfde qu\u00e9 se trata esto?"},"content":{"rendered":"<div id=\"cs-content\" class=\"cs-content\"><\/div>\n","protected":false},"excerpt":{"rendered":"<p>\u00a1Hola!! Mi nombre es Alfonso Acosta Guti\u00e9rrez. Me dedico a hacer ilustraci\u00f3n, dise\u00f1o web y otros medios digitales para vivir. Cuando no estoy trabajando, comiendo o durmiendo; casi siempre me encuentran corriendo largas distancias, disfrutando buenos vinos, bebiendo grandes cantidades de cerveza obscura, o consintiendo a mi gato, Perejil. Siempre me ha gustado inventar historias, pero nunca tuve el valor &#8230;<\/p>\n","protected":false},"author":1,"featured_media":0,"parent":0,"menu_order":0,"comment_status":"closed","ping_status":"closed","template":"","meta":{"_acf_changed":false,"footnotes":""},"class_list":["post-6906","page","type-page","status-publish","hentry","no-post-thumbnail"],"acf":[],"jetpack_sharing_enabled":true,"jetpack_shortlink":"https:\/\/wp.me\/PxbeV-1No","_links":{"self":[{"href":"https:\/\/perfectflaw.us\/es\/wp-json\/wp\/v2\/pages\/6906","targetHints":{"allow":["GET"]}}],"collection":[{"href":"https:\/\/perfectflaw.us\/es\/wp-json\/wp\/v2\/pages"}],"about":[{"href":"https:\/\/perfectflaw.us\/es\/wp-json\/wp\/v2\/types\/page"}],"author":[{"embeddable":true,"href":"https:\/\/perfectflaw.us\/es\/wp-json\/wp\/v2\/users\/1"}],"replies":[{"embeddable":true,"href":"https:\/\/perfectflaw.us\/es\/wp-json\/wp\/v2\/comments?post=6906"}],"version-history":[{"count":8,"href":"https:\/\/perfectflaw.us\/es\/wp-json\/wp\/v2\/pages\/6906\/revisions"}],"predecessor-version":[{"id":6976,"href":"https:\/\/perfectflaw.us\/es\/wp-json\/wp\/v2\/pages\/6906\/revisions\/6976"}],"wp:attachment":[{"href":"https:\/\/perfectflaw.us\/es\/wp-json\/wp\/v2\/media?parent=6906"}],"curies":[{"name":"wp","href":"https:\/\/api.w.org\/{rel}","templated":true}]}}